{"id":3808,"date":"2021-01-04T05:55:06","date_gmt":"2021-01-04T10:55:06","guid":{"rendered":"https:\/\/mirandacontreras.com\/es\/es\/?page_id=3808"},"modified":"2023-11-14T16:33:22","modified_gmt":"2023-11-14T21:33:22","slug":"our-services","status":"publish","type":"page","link":"https:\/\/mirandacontreras.com\/es\/our-services\/","title":{"rendered":"Servicios"},"content":{"rendered":"\t\t<div data-elementor-type=\"wp-page\" data-elementor-id=\"3808\" class=\"elementor elementor-3808\">\n\t\t\t\t\t\t<section class=\"elementor-section elementor-top-section elementor-element elementor-element-734d0bc elementor-section-boxed elementor-section-height-default elementor-section-height-default\" data-id=\"734d0bc\" data-element_type=\"section\" data-e-type=\"section\">\n\t\t\t\t\t\t<div class=\"elementor-container elementor-column-gap-default\">\n\t\t\t\t\t<div class=\"elementor-column elementor-col-100 elementor-top-column elementor-element elementor-element-edcd5d2\" data-id=\"edcd5d2\" data-element_type=\"column\" data-e-type=\"column\">\n\t\t\t<div class=\"elementor-widget-wrap elementor-element-populated\">\n\t\t\t\t\t\t<section class=\"elementor-section elementor-inner-section elementor-element elementor-element-3f103a9 elementor-section-boxed elementor-section-height-default elementor-section-height-default\" data-id=\"3f103a9\" data-element_type=\"section\" data-e-type=\"section\">\n\t\t\t\t\t\t<div class=\"elementor-container elementor-column-gap-default\">\n\t\t\t\t\t<div class=\"elementor-column elementor-col-100 elementor-inner-column elementor-element elementor-element-2ee28c3\" data-id=\"2ee28c3\" data-element_type=\"column\" data-e-type=\"column\">\n\t\t\t<div class=\"elementor-widget-wrap elementor-element-populated\">\n\t\t\t\t\t\t<div class=\"elementor-element elementor-element-e4e4657 elementor-widget elementor-widget-rt-section-heading\" data-id=\"e4e4657\" data-element_type=\"widget\" data-e-type=\"widget\" data-widget_type=\"rt-section-heading.default\">\n\t\t\t\t<div class=\"elementor-widget-container\">\n\t\t\t\t\t\n<div class=\"section-heading2 width-large text-center\">\n\t\t<h2 class=\"heading-main-title\">\n<\/h2>\n\t\t<p><h2>Solicite un presupuesto en alguno de nuestros servicios<\/h2><h4>Es tan simple como:<\/h4><h4>1. Seleccione una de las categor\u00edas a continuaci\u00f3n.<br \/>2. Seleccione el servicio que desea cotizar.<br \/>3. Complete nuestro formulario r\u00e1pido de Google.<\/h4><\/p>\n\t<\/div>\t\t\t\t<\/div>\n\t\t\t\t<\/div>\n\t\t\t\t<div class=\"elementor-element elementor-element-c1e581c elementor-widget elementor-widget-rt-practice\" data-id=\"c1e581c\" data-element_type=\"widget\" data-e-type=\"widget\" data-widget_type=\"rt-practice.default\">\n\t\t\t\t<div class=\"elementor-widget-container\">\n\t\t\t\t\t\n\n<div class=\"row\">\n        <div class=\"col-xl-4 col-md-6 col-12 wow animated fadeInUp\" data-wow-delay=\"0.4s\">\n        <div class=\"practice-box-layout1\">\n            <div class=\"item-icon\">\n                <i class=\"flaticon-pin\"><\/i>\n            <\/div>\n            <h3 class=\"item-title\"><a href=\"https:\/\/mirandacontreras.com\/es\/services\/immigration-law-visas\/\">Ley de Inmigraci\u00f3n y Visas<\/a><\/h3>\n                            <p>Comprender y navegar por la Ley de Inmigraci\u00f3n de Panam\u00e1 puede resultar abrumador. Est\u00e1 en buenas manos con nuestro experimentado.<\/p>                    <\/div>\n    <\/div>\n        <div class=\"col-xl-4 col-md-6 col-12 wow animated fadeInUp\" data-wow-delay=\"0.5s\">\n        <div class=\"practice-box-layout1\">\n            <div class=\"item-icon\">\n                <i class=\"flaticon-shield\"><\/i>\n            <\/div>\n            <h3 class=\"item-title\"><a href=\"https:\/\/mirandacontreras.com\/es\/services\/immigration-misc-relocation-services\/\">Servicios Miscel\u00e1neos de Inmigraci\u00f3n y Relocalizaci\u00f3n<\/a><\/h3>\n                            <p>Mudarse a un nuevo pa\u00eds implica m\u00e1s que simplemente obtener el visado correcto. Es posible que necesite corregir documentos, registrar.<\/p>                    <\/div>\n    <\/div>\n        <div class=\"col-xl-4 col-md-6 col-12 wow animated fadeInUp\" data-wow-delay=\"0.6s\">\n        <div class=\"practice-box-layout1\">\n            <div class=\"item-icon\">\n                <i class=\"flaticon-law-2\"><\/i>\n            <\/div>\n            <h3 class=\"item-title\"><a href=\"https:\/\/mirandacontreras.com\/es\/services\/real-estate-law\/\">Ley de Bienes Ra\u00edces<\/a><\/h3>\n                            <p>Desbloquee el potencial de la propiedad que est\u00e1 administrando, comprando o vendiendo. Proteja sus transacciones inmobiliarias con los conocimientos legales.<\/p>                    <\/div>\n    <\/div>\n        <div class=\"col-xl-4 col-md-6 col-12 wow animated fadeInUp\" data-wow-delay=\"0.4s\">\n        <div class=\"practice-box-layout1\">\n            <div class=\"item-icon\">\n                <i class=\"flaticon-career\"><\/i>\n            <\/div>\n            <h3 class=\"item-title\"><a href=\"https:\/\/mirandacontreras.com\/es\/services\/corporate-law\/\">Derecho Corporativo<\/a><\/h3>\n                            <p>Nos especializamos en servicios corporativos relacionados con sus necesidades de reubicaci\u00f3n, ofreciendo opciones de estructura legal, incluyendo el establecimiento de.<\/p>                    <\/div>\n    <\/div>\n        <div class=\"col-xl-4 col-md-6 col-12 wow animated fadeInUp\" data-wow-delay=\"0.5s\">\n        <div class=\"practice-box-layout1\">\n            <div class=\"item-icon\">\n                <i class=\"flaticon-book-1\"><\/i>\n            <\/div>\n            <h3 class=\"item-title\"><a href=\"https:\/\/mirandacontreras.com\/es\/services\/estate-planning\/\">Planificaci\u00f3n Patrimonial<\/a><\/h3>\n                            <p>Aunque nadie puede predecir el futuro, es seguro que no querr\u00e1 dejar decisiones dif\u00edciles para aquellos a quienes ama. No.<\/p>                    <\/div>\n    <\/div>\n        <div class=\"col-xl-4 col-md-6 col-12 wow animated fadeInUp\" data-wow-delay=\"0.6s\">\n        <div class=\"practice-box-layout1\">\n            <div class=\"item-icon\">\n                <i class=\"flaticon-power\"><\/i>\n            <\/div>\n            <h3 class=\"item-title\"><a href=\"https:\/\/mirandacontreras.com\/es\/services\/citizenship\/\">Ciudadan\u00eda<\/a><\/h3>\n                            <p>Le guiaremos expertamente a trav\u00e9s del proceso de ciudadan\u00eda (naturalizaci\u00f3n), asegurando un camino libre de estr\u00e9s hacia la ciudadan\u00eda paname\u00f1a..<\/p>                    <\/div>\n    <\/div>\n        <div class=\"col-xl-4 col-md-6 col-12 wow animated fadeInUp\" data-wow-delay=\"0.7s\">\n        <div class=\"practice-box-layout1\">\n            <div class=\"item-icon\">\n                <i class=\"flaticon-price\"><\/i>\n            <\/div>\n            <h3 class=\"item-title\"><a href=\"https:\/\/mirandacontreras.com\/es\/services\/tax-procedures\/\">Procedimientos Fiscales<\/a><\/h3>\n                            <p>Los procedimientos tributarios paname\u00f1os pueden ser desalentadores. Comprender y gestionar eficazmente sus obligaciones fiscales es crucial, ya sea que sea.<\/p>                    <\/div>\n    <\/div>\n        <div class=\"col-xl-4 col-md-6 col-12 wow animated fadeInUp\" data-wow-delay=\"0.8s\">\n        <div class=\"practice-box-layout1\">\n            <div class=\"item-icon\">\n                <i class=\"flaticon-search\"><\/i>\n            <\/div>\n            <h3 class=\"item-title\"><a href=\"https:\/\/mirandacontreras.com\/es\/services\/probate\/\">Sucesiones<\/a><\/h3>\n                            <p>El testamento es el proceso formal a trav\u00e9s del cual se distribuyen los activos de una persona fallecida, ya sea.<\/p>                    <\/div>\n    <\/div>\n        <div class=\"col-xl-4 col-md-6 col-12 wow animated fadeInUp\" data-wow-delay=\"0.9s\">\n        <div class=\"practice-box-layout1\">\n            <div class=\"item-icon\">\n                <i class=\"flaticon-search\"><\/i>\n            <\/div>\n            <h3 class=\"item-title\"><a href=\"https:\/\/mirandacontreras.com\/es\/services\/other-services\/\">Otros Servicios<\/a><\/h3>\n                            <p>\u00bfEst\u00e1 buscando algo m\u00e1s? Env\u00edenos un mensaje. \u00bfTiene alguna pregunta? Cont\u00e1ctenos a trav\u00e9s de un mensaje y le responderemos pronto.<\/p>                    <\/div>\n    <\/div>\n        <\/div>\n\n\n\t\t\t\t<\/div>\n\t\t\t\t<\/div>\n\t\t\t\t\t<\/div>\n\t\t<\/div>\n\t\t\t\t\t<\/div>\n\t\t<\/section>\n\t\t\t\t<div class=\"elementor-element elementor-element-e0f5d62 elementor-widget__width-inherit elementor-widget elementor-widget-rt-cta\" data-id=\"e0f5d62\" data-element_type=\"widget\" data-e-type=\"widget\" data-widget_type=\"rt-cta.default\">\n\t\t\t\t<div class=\"elementor-widget-container\">\n\t\t\t\t\t\n\n<!--=====================================-->\n<!--=     Call To Action Area Start     =-->\n<!--=====================================-->\n<section class=\"call-to-action-wrap-layout1 has-animation\">\n        <div class=\"animated-figure\">\n        <div class=\"translate-right-50 transition-100 opacity-animation transition-delay-100\">\n            <img fetchpriority=\"high\" decoding=\"async\" width=\"330\" height=\"300\" src=\"https:\/\/mirandacontreras.com\/es\/wp-content\/uploads\/2020\/12\/banner1.png\" class=\"attachment-full size-full\" alt=\"\" \/>        <\/div>\n    <\/div>\n        <div class=\"row\">\n        <div class=\"col-lg-8 col-12\">\n                        <div class=\"call-to-action-box-layout1\">\n                <h2 class=\"item-title\">\u00bfNo encuentra lo que est\u00e1 buscando? Cont\u00e1ctenos directamente y le ayudaremos.<\/h2>\n            <\/div>\n                    <\/div>\n        <div class=\"col-lg-4 col-12 d-flex align-items-center justify-content-center justify-content-lg-end\">\n                        <div class=\"call-to-action-box-layout1\">\n                <a href=\"https:\/\/wa.me\/50763636313\" target=\"_blank\" class=\"btn-fill\">Click aqu\u00ed<\/a>\n            <\/div>\n                    <\/div>\n    <\/div>\n<\/section>\t\t\t\t<\/div>\n\t\t\t\t<\/div>\n\t\t\t\t\t<\/div>\n\t\t<\/div>\n\t\t\t\t\t<\/div>\n\t\t<\/section>\n\t\t\t\t<section class=\"elementor-section elementor-top-section elementor-element elementor-element-47f0348b elementor-section-stretched elementor-section-boxed elementor-section-height-default elementor-section-height-default\" data-id=\"47f0348b\" data-element_type=\"section\" data-e-type=\"section\" data-settings=\"{&quot;background_background&quot;:&quot;classic&quot;,&quot;stretch_section&quot;:&quot;section-stretched&quot;}\">\n\t\t\t\t\t\t<div class=\"elementor-container elementor-column-gap-default\">\n\t\t\t\t\t<div class=\"elementor-column elementor-col-100 elementor-top-column elementor-element elementor-element-3f200ffd\" data-id=\"3f200ffd\" data-element_type=\"column\" data-e-type=\"column\">\n\t\t\t<div class=\"elementor-widget-wrap elementor-element-populated\">\n\t\t\t\t\t\t<div class=\"elementor-element elementor-element-613f0978 elementor-widget elementor-widget-rt-section-heading\" data-id=\"613f0978\" data-element_type=\"widget\" data-e-type=\"widget\" data-widget_type=\"rt-section-heading.default\">\n\t\t\t\t<div class=\"elementor-widget-container\">\n\t\t\t\t\t\n<div class=\"section-heading2\">\n\t\t<h2 class=\"heading-main-title\">Conozca a nuestro equipo<\/h2>\n\t<\/div>\t\t\t\t<\/div>\n\t\t\t\t<\/div>\n\t\t\t\t<div class=\"elementor-element elementor-element-45020b33 elementor-widget elementor-widget-rt-team\" data-id=\"45020b33\" data-element_type=\"widget\" data-e-type=\"widget\" data-widget_type=\"rt-team.default\">\n\t\t\t\t<div class=\"elementor-widget-container\">\n\t\t\t\t\t\n<div class=\"row rc-carousel nav-control-layout2\" data-options='{\"trigger_start\": 991, \"trigger_end\": 0}' data-loop=\"true\" data-items=\"30\" data-margin=\"30\" data-autoplay=\"false\" data-autoplay-timeout=\"5000\" data-smart-speed=\"700\" data-dots=\"false\" data-nav=\"true\"\n data-nav-speed=\"false\" data-r-x-small=\"1\" data-r-x-small-nav=\"true\" data-r-x-small-dots=\"false\" data-r-x-medium=\"2\" data-r-x-medium-nav=\"true\" data-r-x-medium-dots=\"false\" data-r-small=\"2\" data-r-small-nav=\"true\" data-r-small-dots=\"false\" data-r-medium=\"3\"\n data-r-medium-nav=\"true\" data-r-medium-dots=\"false\" data-r-large=\"3\" data-r-large-nav=\"true\" data-r-large-dots=\"false\" data-r-extra-large=\"3\" data-r-extra-large-nav=\"true\" data-r-extra-large-dots=\"false\">\n                <div class=\"col-md-4 col-12 wow animated fadeInUp\" data-wow-delay=\"0.2s\">\n        <div class=\"team-box-layout2\">\n            <div class=\"item-figure\">\n                                <img decoding=\"async\" width=\"370\" height=\"478\" src=\"https:\/\/mirandacontreras.com\/es\/wp-content\/uploads\/2023\/11\/Lourdes-Miranda-370x478.jpg\" class=\"attachment-aeen-size-team2 size-aeen-size-team2 wp-post-image\" alt=\"\" \/>                                                <ul class=\"team-social\">\n                                    <\/ul>\n                            <\/div>\n            <div class=\"item-content\">\n                <h3 class=\"item-title\"><a href=\"https:\/\/mirandacontreras.com\/es\/team\/lourdes-miranda\/\">Lourdes Miranda<\/a><\/h3>\n                                <div class=\"item-sub-title\">Abogado-Socio Gerente<\/div>\n                            <\/div>\n        <\/div>\n    <\/div>\n            <div class=\"col-md-4 col-12 wow animated fadeInUp\" data-wow-delay=\"0.4s\">\n        <div class=\"team-box-layout2\">\n            <div class=\"item-figure\">\n                                <img decoding=\"async\" width=\"370\" height=\"478\" src=\"https:\/\/mirandacontreras.com\/es\/wp-content\/uploads\/2023\/10\/juancontrerashd2-370x478.jpg\" class=\"attachment-aeen-size-team2 size-aeen-size-team2 wp-post-image\" alt=\"\" \/>                                                <ul class=\"team-social\">\n                                    <\/ul>\n                            <\/div>\n            <div class=\"item-content\">\n                <h3 class=\"item-title\"><a href=\"https:\/\/mirandacontreras.com\/es\/team\/juan-contreras\/\">Juan Contreras<\/a><\/h3>\n                                <div class=\"item-sub-title\">Abogado-Socio<\/div>\n                            <\/div>\n        <\/div>\n    <\/div>\n            <div class=\"col-md-4 col-12 wow animated fadeInUp\" data-wow-delay=\"0.6s\">\n        <div class=\"team-box-layout2\">\n            <div class=\"item-figure\">\n                                <img loading=\"lazy\" decoding=\"async\" width=\"370\" height=\"478\" src=\"https:\/\/mirandacontreras.com\/es\/wp-content\/uploads\/2023\/11\/Astrid-370x478.jpg\" class=\"attachment-aeen-size-team2 size-aeen-size-team2 wp-post-image\" alt=\"\" \/>                                                <ul class=\"team-social\">\n                                    <\/ul>\n                            <\/div>\n            <div class=\"item-content\">\n                <h3 class=\"item-title\"><a href=\"https:\/\/mirandacontreras.com\/es\/team\/astrid-ramirez\/\">Astrid Ram\u00edrez<\/a><\/h3>\n                                <div class=\"item-sub-title\">Ejecutivo de Cuentas y Servicio al Cliente<\/div>\n                            <\/div>\n        <\/div>\n    <\/div>\n        <\/div>\t\t\t\t<\/div>\n\t\t\t\t<\/div>\n\t\t\t\t<div class=\"elementor-element elementor-element-4dca778 elementor-widget elementor-widget-rt-button\" data-id=\"4dca778\" data-element_type=\"widget\" data-e-type=\"widget\" data-widget_type=\"rt-button.default\">\n\t\t\t\t<div class=\"elementor-widget-container\">\n\t\t\t\t\t\n<a href=\"https:\/\/mirandacontreras.com\/es\/our-team\/\" class=\"btn-fill\">Nuestro Equipo Completo<\/a>\n\t\t\t\t<\/div>\n\t\t\t\t<\/div>\n\t\t\t\t\t<\/div>\n\t\t<\/div>\n\t\t\t\t\t<\/div>\n\t\t<\/section>\n\t\t\t\t<\/div>\n\t\t","protected":false},"excerpt":{"rendered":"<p>Solicite un presupuesto en alguno de nuestros servicios Es tan simple como: 1. Seleccione una de las categor\u00edas a continuaci\u00f3n.2. Seleccione el servicio que desea cotizar.3. Complete nuestro formulario r\u00e1pido de Google. Ley de Inmigraci\u00f3n y Visas Comprender y navegar por la Ley de Inmigraci\u00f3n de Panam\u00e1 puede resultar abrumador. Est\u00e1 en buenas manos con&#8230;<\/p>\n","protected":false},"author":1,"featured_media":0,"parent":0,"menu_order":0,"comment_status":"closed","ping_status":"closed","template":"templates\/blank.php","meta":{"footnotes":""},"class_list":["post-3808","page","type-page","status-publish","hentry","aeen-post-thumb"],"_links":{"self":[{"href":"https:\/\/mirandacontreras.com\/es\/wp-json\/wp\/v2\/pages\/3808","targetHints":{"allow":["GET"]}}],"collection":[{"href":"https:\/\/mirandacontreras.com\/es\/wp-json\/wp\/v2\/pages"}],"about":[{"href":"https:\/\/mirandacontreras.com\/es\/wp-json\/wp\/v2\/types\/page"}],"author":[{"embeddable":true,"href":"https:\/\/mirandacontreras.com\/es\/wp-json\/wp\/v2\/users\/1"}],"replies":[{"embeddable":true,"href":"https:\/\/mirandacontreras.com\/es\/wp-json\/wp\/v2\/comments?post=3808"}],"version-history":[{"count":60,"href":"https:\/\/mirandacontreras.com\/es\/wp-json\/wp\/v2\/pages\/3808\/revisions"}],"predecessor-version":[{"id":10675,"href":"https:\/\/mirandacontreras.com\/es\/wp-json\/wp\/v2\/pages\/3808\/revisions\/10675"}],"wp:attachment":[{"href":"https:\/\/mirandacontreras.com\/es\/wp-json\/wp\/v2\/media?parent=3808"}],"curies":[{"name":"wp","href":"https:\/\/api.w.org\/{rel}","templated":true}]}}