{"id":575,"date":"2020-12-04T11:07:00","date_gmt":"2020-12-04T16:07:00","guid":{"rendered":"https:\/\/mirandacontreras.com\/es\/es\/?page_id=575"},"modified":"2023-11-14T16:09:10","modified_gmt":"2023-11-14T21:09:10","slug":"our-team","status":"publish","type":"page","link":"https:\/\/mirandacontreras.com\/es\/our-team\/","title":{"rendered":"Nuestro equipo"},"content":{"rendered":"\t\t<div data-elementor-type=\"wp-page\" data-elementor-id=\"575\" class=\"elementor elementor-575\">\n\t\t\t\t\t\t<section class=\"elementor-section elementor-top-section elementor-element elementor-element-0c6c289 elementor-section-full_width elementor-reverse-tablet elementor-reverse-mobile elementor-section-stretched process-wrap-layout2 elementor-section-height-default elementor-section-height-default\" data-id=\"0c6c289\" data-element_type=\"section\" data-e-type=\"section\" data-settings=\"{&quot;background_background&quot;:&quot;classic&quot;,&quot;stretch_section&quot;:&quot;section-stretched&quot;}\">\n\t\t\t\t\t\t\t<div class=\"elementor-background-overlay\"><\/div>\n\t\t\t\t\t\t\t<div class=\"elementor-container elementor-column-gap-no\">\n\t\t\t\t\t<div class=\"elementor-column elementor-col-50 elementor-top-column elementor-element elementor-element-2977627\" data-id=\"2977627\" data-element_type=\"column\" data-e-type=\"column\">\n\t\t\t<div class=\"elementor-widget-wrap elementor-element-populated\">\n\t\t\t\t\t\t<div class=\"elementor-element elementor-element-283d36d item-figure animated-slow elementor-invisible elementor-widget elementor-widget-image\" data-id=\"283d36d\" data-element_type=\"widget\" data-e-type=\"widget\" data-settings=\"{&quot;_animation&quot;:&quot;fadeInLeft&quot;}\" data-widget_type=\"image.default\">\n\t\t\t\t<div class=\"elementor-widget-container\">\n\t\t\t\t\t\t\t\t\t\t\t\t\t\t\t<img fetchpriority=\"high\" decoding=\"async\" width=\"2560\" height=\"1707\" src=\"https:\/\/mirandacontreras.com\/es\/wp-content\/uploads\/2023\/10\/equipoconjefeshd-scaled.webp\" class=\"attachment-full size-full wp-image-10266\" alt=\"\" srcset=\"https:\/\/mirandacontreras.com\/es\/wp-content\/uploads\/2023\/10\/equipoconjefeshd-scaled.webp 2560w, https:\/\/mirandacontreras.com\/es\/wp-content\/uploads\/2023\/10\/equipoconjefeshd-300x200.webp 300w, https:\/\/mirandacontreras.com\/es\/wp-content\/uploads\/2023\/10\/equipoconjefeshd-1024x683.webp 1024w, https:\/\/mirandacontreras.com\/es\/wp-content\/uploads\/2023\/10\/equipoconjefeshd-768x512.webp 768w, https:\/\/mirandacontreras.com\/es\/wp-content\/uploads\/2023\/10\/equipoconjefeshd-1536x1024.webp 1536w, https:\/\/mirandacontreras.com\/es\/wp-content\/uploads\/2023\/10\/equipoconjefeshd-2048x1365.webp 2048w\" sizes=\"(max-width: 2560px) 100vw, 2560px\" \/>\t\t\t\t\t\t\t\t\t\t\t\t\t\t\t<\/div>\n\t\t\t\t<\/div>\n\t\t\t\t\t<\/div>\n\t\t<\/div>\n\t\t\t\t<div class=\"elementor-column elementor-col-50 elementor-top-column elementor-element elementor-element-6f2c4e9 compress-right-side\" data-id=\"6f2c4e9\" data-element_type=\"column\" data-e-type=\"column\">\n\t\t\t<div class=\"elementor-widget-wrap elementor-element-populated\">\n\t\t\t\t\t\t<div class=\"elementor-element elementor-element-10b944d elementor-widget elementor-widget-rt-service-box\" data-id=\"10b944d\" data-element_type=\"widget\" data-e-type=\"widget\" data-widget_type=\"rt-service-box.default\">\n\t\t\t\t<div class=\"elementor-widget-container\">\n\t\t\t\t\t\n<ul class=\"one-column-wrap\">\n        <li class=\"process-box-layout2\">\n                <div class=\"item-icon\">\n            <i class=\" flaticon-law-3\"><\/i>\n        <\/div>\n                <div class=\"item-content\">\n                        <span class=\"sub-title\">Calificados<\/span>\n                        <h3 class=\"item-title\">Abogados Legales<\/h3>\n                        <p>Sus Socios de Confianza en la Justicia, Abogando por Sus Derechos\n\n<\/p>\n                    <\/div>\n    <\/li>\n        <li class=\"process-box-layout2\">\n                <div class=\"item-icon\">\n            <i class=\" flaticon-law-1\"><\/i>\n        <\/div>\n                <div class=\"item-content\">\n                        <span class=\"sub-title\">Mas de 13<\/span>\n                        <h3 class=\"item-title\">A\u00f1os de Experiencia<\/h3>\n                        <p>Navegando por Aguas Legales Complejas con Experiencia Comprobada<\/p>\n                    <\/div>\n    <\/li>\n        <li class=\"process-box-layout2\">\n                <div class=\"item-icon\">\n            <i class=\" flaticon-leader\"><\/i>\n        <\/div>\n                <div class=\"item-content\">\n                        <span class=\"sub-title\">Honestidad<\/span>\n                        <h3 class=\"item-title\">Y Dedicaci\u00f3n<\/h3>\n                        <p>Un Equipo Comprometido con la Integridad y la Representaci\u00f3n Centrada en el Cliente<\/p>\n                    <\/div>\n    <\/li>\n    <\/ul>\t\t\t\t<\/div>\n\t\t\t\t<\/div>\n\t\t\t\t\t<\/div>\n\t\t<\/div>\n\t\t\t\t\t<\/div>\n\t\t<\/section>\n\t\t\t\t<section class=\"elementor-section elementor-top-section elementor-element elementor-element-8d1b33c elementor-section-full_width elementor-section-height-default elementor-section-height-default\" data-id=\"8d1b33c\" data-element_type=\"section\" data-e-type=\"section\" data-settings=\"{&quot;background_background&quot;:&quot;classic&quot;}\">\n\t\t\t\t\t\t\t<div class=\"elementor-background-overlay\"><\/div>\n\t\t\t\t\t\t\t<div class=\"elementor-container elementor-column-gap-no\">\n\t\t\t\t\t<div class=\"elementor-column elementor-col-100 elementor-top-column elementor-element elementor-element-123ac1c\" data-id=\"123ac1c\" data-element_type=\"column\" data-e-type=\"column\">\n\t\t\t<div class=\"elementor-widget-wrap elementor-element-populated\">\n\t\t\t\t\t\t<div class=\"elementor-element elementor-element-3b8706b elementor-widget elementor-widget-rt-section-heading\" data-id=\"3b8706b\" data-element_type=\"widget\" data-e-type=\"widget\" data-widget_type=\"rt-section-heading.default\">\n\t\t\t\t<div class=\"elementor-widget-container\">\n\t\t\t\t\t\n<div class=\"section-heading2\">\n\t\t<h2 class=\"heading-main-title\">Tenemos Experiencia<\/h2>\n\t<\/div>\t\t\t\t<\/div>\n\t\t\t\t<\/div>\n\t\t\t\t<section class=\"elementor-section elementor-inner-section elementor-element elementor-element-d9cfcdf elementor-section-boxed elementor-section-height-default elementor-section-height-default\" data-id=\"d9cfcdf\" data-element_type=\"section\" data-e-type=\"section\">\n\t\t\t\t\t\t<div class=\"elementor-container elementor-column-gap-default\">\n\t\t\t\t\t<div class=\"elementor-column elementor-col-100 elementor-inner-column elementor-element elementor-element-1437395\" data-id=\"1437395\" data-element_type=\"column\" data-e-type=\"column\">\n\t\t\t<div class=\"elementor-widget-wrap elementor-element-populated\">\n\t\t\t\t\t\t<div class=\"elementor-element elementor-element-252f8aa elementor-widget elementor-widget-rt-service-box\" data-id=\"252f8aa\" data-element_type=\"widget\" data-e-type=\"widget\" data-widget_type=\"rt-service-box.default\">\n\t\t\t\t<div class=\"elementor-widget-container\">\n\t\t\t\t\t\n<div class=\"row no-gutters d-md-flex justify-content-center\">\n\t\t<div class=\"col-lg-4 col-md-6 col-12\">\n\t\t<div class=\"feature-box-layout2\">\n\t\t\t\t\t\t<div class=\"item-icon\">\n\t\t\t\t<i class=\"flaticon-search\"><\/i>\n\t\t\t<\/div>\n\t\t\t\t\t\t<h3 class=\"item-title\">Analizando el Caso<\/h3>\n\t\t\t\t\t\t<p>Cada caso es \u00fanico, por lo que analizamos meticulosamente cada uno para adaptar una estrategia ganadora. Nuestro compromiso es proporcionar soluciones legales personalizadas y efectivas para usted.\n\n<\/p>\n\t\t\t\t\t<\/div>\n\t<\/div>\n\t\t<div class=\"col-lg-4 col-md-6 col-12\">\n\t\t<div class=\"feature-box-layout2\">\n\t\t\t\t\t\t<div class=\"item-icon\">\n\t\t\t\t<i class=\" flaticon-book\"><\/i>\n\t\t\t<\/div>\n\t\t\t\t\t\t<h3 class=\"item-title\">Dando Pasos Adelante<\/h3>\n\t\t\t\t\t\t<p>Le guiamos a trav\u00e9s de cada paso, proporcionando asesoramiento experto y estrategias accionables. Nuestro objetivo es desmitificar el proceso legal y prepararlo para el \u00e9xito a largo plazo.<\/p>\n\t\t\t\t\t<\/div>\n\t<\/div>\n\t\t<div class=\"col-lg-4 col-12\">\n\t\t<div class=\"feature-box-layout2\">\n\t\t\t\t\t\t<div class=\"item-icon\">\n\t\t\t\t<i class=\" flaticon-law\"><\/i>\n\t\t\t<\/div>\n\t\t\t\t\t\t<h3 class=\"item-title\">\u00c9xito en procesos sucesorios<\/h3>\n\t\t\t\t\t\t<p>Seguimiento continuo \ny atenci\u00f3n al detalle.<\/p>\n\t\t\t\t\t<\/div>\n\t<\/div>\n\t<\/div>\t\t\t\t<\/div>\n\t\t\t\t<\/div>\n\t\t\t\t\t<\/div>\n\t\t<\/div>\n\t\t\t\t\t<\/div>\n\t\t<\/section>\n\t\t\t\t\t<\/div>\n\t\t<\/div>\n\t\t\t\t\t<\/div>\n\t\t<\/section>\n\t\t\t\t<section class=\"elementor-section elementor-top-section elementor-element elementor-element-4d6a2914 elementor-section-stretched elementor-section-boxed elementor-section-height-default elementor-section-height-default\" data-id=\"4d6a2914\" data-element_type=\"section\" data-e-type=\"section\" data-settings=\"{&quot;background_background&quot;:&quot;classic&quot;,&quot;stretch_section&quot;:&quot;section-stretched&quot;}\">\n\t\t\t\t\t\t<div class=\"elementor-container elementor-column-gap-default\">\n\t\t\t\t\t<div class=\"elementor-column elementor-col-100 elementor-top-column elementor-element elementor-element-444f0f19\" data-id=\"444f0f19\" data-element_type=\"column\" data-e-type=\"column\">\n\t\t\t<div class=\"elementor-widget-wrap elementor-element-populated\">\n\t\t\t\t\t\t<div class=\"elementor-element elementor-element-2090aed2 elementor-widget elementor-widget-rt-section-heading\" data-id=\"2090aed2\" data-element_type=\"widget\" data-e-type=\"widget\" data-widget_type=\"rt-section-heading.default\">\n\t\t\t\t<div class=\"elementor-widget-container\">\n\t\t\t\t\t\n<div class=\"section-heading2\">\n\t\t<h2 class=\"heading-main-title\">Conozca a Nuestro Equipo<\/h2>\n\t<\/div>\t\t\t\t<\/div>\n\t\t\t\t<\/div>\n\t\t\t\t<div class=\"elementor-element elementor-element-34e6ec91 elementor-widget elementor-widget-rt-team\" data-id=\"34e6ec91\" data-element_type=\"widget\" data-e-type=\"widget\" data-widget_type=\"rt-team.default\">\n\t\t\t\t<div class=\"elementor-widget-container\">\n\t\t\t\t\t\n<div class=\"row rc-carousel nav-control-layout2\" data-options='{\"trigger_start\": 991, \"trigger_end\": 0}' data-loop=\"true\" data-items=\"30\" data-margin=\"30\" data-autoplay=\"false\" data-autoplay-timeout=\"5000\" data-smart-speed=\"700\" data-dots=\"false\" data-nav=\"true\"\n data-nav-speed=\"false\" data-r-x-small=\"1\" data-r-x-small-nav=\"true\" data-r-x-small-dots=\"false\" data-r-x-medium=\"2\" data-r-x-medium-nav=\"true\" data-r-x-medium-dots=\"false\" data-r-small=\"2\" data-r-small-nav=\"true\" data-r-small-dots=\"false\" data-r-medium=\"3\"\n data-r-medium-nav=\"true\" data-r-medium-dots=\"false\" data-r-large=\"3\" data-r-large-nav=\"true\" data-r-large-dots=\"false\" data-r-extra-large=\"3\" data-r-extra-large-nav=\"true\" data-r-extra-large-dots=\"false\">\n                <div class=\"col-md-4 col-12 wow animated fadeInUp\" data-wow-delay=\"0.2s\">\n        <div class=\"team-box-layout2\">\n            <div class=\"item-figure\">\n                                <img decoding=\"async\" width=\"370\" height=\"478\" src=\"https:\/\/mirandacontreras.com\/es\/wp-content\/uploads\/2023\/11\/Lourdes-Miranda-370x478.jpg\" class=\"attachment-aeen-size-team2 size-aeen-size-team2 wp-post-image\" alt=\"\" \/>                                            <\/div>\n            <div class=\"item-content\">\n                <h3 class=\"item-title\"><a href=\"https:\/\/mirandacontreras.com\/es\/team\/lourdes-miranda\/\">Lourdes Miranda<\/a><\/h3>\n                                <div class=\"item-sub-title\">Abogado-Socio Gerente<\/div>\n                            <\/div>\n        <\/div>\n    <\/div>\n            <div class=\"col-md-4 col-12 wow animated fadeInUp\" data-wow-delay=\"0.4s\">\n        <div class=\"team-box-layout2\">\n            <div class=\"item-figure\">\n                                <img decoding=\"async\" width=\"370\" height=\"478\" src=\"https:\/\/mirandacontreras.com\/es\/wp-content\/uploads\/2023\/10\/juancontrerashd2-370x478.jpg\" class=\"attachment-aeen-size-team2 size-aeen-size-team2 wp-post-image\" alt=\"\" \/>                                            <\/div>\n            <div class=\"item-content\">\n                <h3 class=\"item-title\"><a href=\"https:\/\/mirandacontreras.com\/es\/team\/juan-contreras\/\">Juan Contreras<\/a><\/h3>\n                                <div class=\"item-sub-title\">Abogado-Socio<\/div>\n                            <\/div>\n        <\/div>\n    <\/div>\n            <div class=\"col-md-4 col-12 wow animated fadeInUp\" data-wow-delay=\"0.6s\">\n        <div class=\"team-box-layout2\">\n            <div class=\"item-figure\">\n                                <img loading=\"lazy\" decoding=\"async\" width=\"370\" height=\"478\" src=\"https:\/\/mirandacontreras.com\/es\/wp-content\/uploads\/2023\/11\/Astrid-370x478.jpg\" class=\"attachment-aeen-size-team2 size-aeen-size-team2 wp-post-image\" alt=\"\" \/>                                            <\/div>\n            <div class=\"item-content\">\n                <h3 class=\"item-title\"><a href=\"https:\/\/mirandacontreras.com\/es\/team\/astrid-ramirez\/\">Astrid Ram\u00edrez<\/a><\/h3>\n                                <div class=\"item-sub-title\">Ejecutivo de Cuentas y Servicio al Cliente<\/div>\n                            <\/div>\n        <\/div>\n    <\/div>\n            <div class=\"col-md-4 col-12 wow animated fadeInUp\" data-wow-delay=\"0.8s\">\n        <div class=\"team-box-layout2\">\n            <div class=\"item-figure\">\n                                <img loading=\"lazy\" decoding=\"async\" width=\"370\" height=\"478\" src=\"https:\/\/mirandacontreras.com\/es\/wp-content\/uploads\/2023\/11\/Maria-370x478.jpg\" class=\"attachment-aeen-size-team2 size-aeen-size-team2 wp-post-image\" alt=\"\" \/>                                            <\/div>\n            <div class=\"item-content\">\n                <h3 class=\"item-title\"><a href=\"https:\/\/mirandacontreras.com\/es\/team\/maria-rojas\/\">Mar\u00eda Rojas<\/a><\/h3>\n                                <div class=\"item-sub-title\">Asistente Legal<\/div>\n                            <\/div>\n        <\/div>\n    <\/div>\n            <div class=\"col-md-4 col-12 wow animated fadeInUp\" data-wow-delay=\"0.10s\">\n        <div class=\"team-box-layout2\">\n            <div class=\"item-figure\">\n                                <img loading=\"lazy\" decoding=\"async\" width=\"370\" height=\"478\" src=\"https:\/\/mirandacontreras.com\/es\/wp-content\/uploads\/2023\/11\/Yuri-370x478.jpg\" class=\"attachment-aeen-size-team2 size-aeen-size-team2 wp-post-image\" alt=\"\" \/>                                            <\/div>\n            <div class=\"item-content\">\n                <h3 class=\"item-title\"><a href=\"https:\/\/mirandacontreras.com\/es\/team\/yuribeth-gonzalez\/\">Yuribeth Gonz\u00e1lez<\/a><\/h3>\n                                <div class=\"item-sub-title\">Asistente Administrativo-Legal.<\/div>\n                            <\/div>\n        <\/div>\n    <\/div>\n            <div class=\"col-md-4 col-12 wow animated fadeInUp\" data-wow-delay=\"0.12s\">\n        <div class=\"team-box-layout2\">\n            <div class=\"item-figure\">\n                                <img loading=\"lazy\" decoding=\"async\" width=\"370\" height=\"478\" src=\"https:\/\/mirandacontreras.com\/es\/wp-content\/uploads\/2023\/11\/Damarys-370x478.jpg\" class=\"attachment-aeen-size-team2 size-aeen-size-team2 wp-post-image\" alt=\"\" \/>                                            <\/div>\n            <div class=\"item-content\">\n                <h3 class=\"item-title\"><a href=\"https:\/\/mirandacontreras.com\/es\/team\/damarys-pitty\/\">Damarys Pitty<\/a><\/h3>\n                                <div class=\"item-sub-title\">Asistente Administrativo Contable.<\/div>\n                            <\/div>\n        <\/div>\n    <\/div>\n        <\/div>\t\t\t\t<\/div>\n\t\t\t\t<\/div>\n\t\t\t\t\t<\/div>\n\t\t<\/div>\n\t\t\t\t\t<\/div>\n\t\t<\/section>\n\t\t\t\t<\/div>\n\t\t","protected":false},"excerpt":{"rendered":"<p>Calificados Abogados Legales Sus Socios de Confianza en la Justicia, Abogando por Sus Derechos Mas de 13 A\u00f1os de Experiencia Navegando por Aguas Legales Complejas con Experiencia Comprobada Honestidad Y Dedicaci\u00f3n Un Equipo Comprometido con la Integridad y la Representaci\u00f3n Centrada en el Cliente Tenemos Experiencia Analizando el Caso Cada caso es \u00fanico, por lo&#8230;<\/p>\n","protected":false},"author":1,"featured_media":0,"parent":0,"menu_order":0,"comment_status":"closed","ping_status":"closed","template":"templates\/blank.php","meta":{"footnotes":""},"class_list":["post-575","page","type-page","status-publish","hentry","aeen-post-thumb"],"_links":{"self":[{"href":"https:\/\/mirandacontreras.com\/es\/wp-json\/wp\/v2\/pages\/575","targetHints":{"allow":["GET"]}}],"collection":[{"href":"https:\/\/mirandacontreras.com\/es\/wp-json\/wp\/v2\/pages"}],"about":[{"href":"https:\/\/mirandacontreras.com\/es\/wp-json\/wp\/v2\/types\/page"}],"author":[{"embeddable":true,"href":"https:\/\/mirandacontreras.com\/es\/wp-json\/wp\/v2\/users\/1"}],"replies":[{"embeddable":true,"href":"https:\/\/mirandacontreras.com\/es\/wp-json\/wp\/v2\/comments?post=575"}],"version-history":[{"count":66,"href":"https:\/\/mirandacontreras.com\/es\/wp-json\/wp\/v2\/pages\/575\/revisions"}],"predecessor-version":[{"id":10666,"href":"https:\/\/mirandacontreras.com\/es\/wp-json\/wp\/v2\/pages\/575\/revisions\/10666"}],"wp:attachment":[{"href":"https:\/\/mirandacontreras.com\/es\/wp-json\/wp\/v2\/media?parent=575"}],"curies":[{"name":"wp","href":"https:\/\/api.w.org\/{rel}","templated":true}]}}